{"id":2151,"date":"2025-02-18T11:03:00","date_gmt":"2025-02-18T10:03:00","guid":{"rendered":"https:\/\/moby2025.marketingdenmark.dk\/product\/tent-shade\/"},"modified":"2026-02-23T08:59:57","modified_gmt":"2026-02-23T07:59:57","slug":"tent-shade","status":"publish","type":"product","link":"https:\/\/moby2025.marketingdenmark.dk\/de\/produkt\/tent-shade\/","title":{"rendered":"Tent shade"},"content":{"rendered":"<p data-start=\"0\" data-end=\"274\">&lt;p&gt;Bleib unter allen Bedingungen trocken und komfortabel mit dem Moby Mountain Tent Shade. Hergestellt aus get\u00f6ntem Vinyl, bietet es viel Privatsph\u00e4re, w\u00e4hrend du weiterhin nach drau\u00dfen schauen kannst. Es sch\u00fctzt vor Regen und Wind und h\u00e4lt dich trocken, wenn du ins Zelt kletterst.<br \/>\nWird mit einem Rei\u00dfverschluss am Au\u00dfenzelt deines Zeltes befestigt.&lt;\/p&gt;<\/p>\n<p>&lt;p&gt;Perfekt f\u00fcr unvorhersehbares Wetter oder Campingpl\u00e4tze mit begrenztem Platz \u2013 das Moby Mountain Tent Shade ist eine fantastische und einfach zu verwendende Aufr\u00fcstung f\u00fcr dein Peak-Dachzelt.&lt;\/p&gt;<\/p>\n","protected":false},"excerpt":{"rendered":"<p>&lt;p&gt;Bleib unter allen Bedingungen trocken und komfortabel mit dem Moby Mountain Tent Shade. Hergestellt aus get\u00f6ntem Vinyl, bietet es viel Privatsph\u00e4re, w\u00e4hrend du weiterhin nach drau\u00dfen schauen kannst. Es sch\u00fctzt vor Regen und Wind und h\u00e4lt dich trocken, wenn du ins Zelt kletterst. Wird mit einem Rei\u00dfverschluss am Au\u00dfenzelt deines Zeltes befestigt.&lt;\/p&gt; &lt;p&gt;Perfekt f\u00fcr unvorhersehbares [&hellip;]<\/p>\n","protected":false},"featured_media":2969,"comment_status":"closed","ping_status":"closed","template":"","meta":{"_acf_changed":false},"product_brand":[],"product_cat":[74],"product_tag":[75],"class_list":{"0":"post-2151","1":"product","2":"type-product","3":"status-publish","4":"has-post-thumbnail","6":"product_cat-zubehoer","7":"product_tag-mobymountain","9":"first","10":"instock","11":"taxable","12":"shipping-taxable","13":"purchasable","14":"product-type-variable","15":"has-default-attributes"},"acf":[],"_links":{"self":[{"href":"https:\/\/moby2025.marketingdenmark.dk\/de\/wp-json\/wp\/v2\/product\/2151","targetHints":{"allow":["GET"]}}],"collection":[{"href":"https:\/\/moby2025.marketingdenmark.dk\/de\/wp-json\/wp\/v2\/product"}],"about":[{"href":"https:\/\/moby2025.marketingdenmark.dk\/de\/wp-json\/wp\/v2\/types\/product"}],"replies":[{"embeddable":true,"href":"https:\/\/moby2025.marketingdenmark.dk\/de\/wp-json\/wp\/v2\/comments?post=2151"}],"wp:featuredmedia":[{"embeddable":true,"href":"https:\/\/moby2025.marketingdenmark.dk\/de\/wp-json\/wp\/v2\/media\/2969"}],"wp:attachment":[{"href":"https:\/\/moby2025.marketingdenmark.dk\/de\/wp-json\/wp\/v2\/media?parent=2151"}],"wp:term":[{"taxonomy":"product_brand","embeddable":true,"href":"https:\/\/moby2025.marketingdenmark.dk\/de\/wp-json\/wp\/v2\/product_brand?post=2151"},{"taxonomy":"product_cat","embeddable":true,"href":"https:\/\/moby2025.marketingdenmark.dk\/de\/wp-json\/wp\/v2\/product_cat?post=2151"},{"taxonomy":"product_tag","embeddable":true,"href":"https:\/\/moby2025.marketingdenmark.dk\/de\/wp-json\/wp\/v2\/product_tag?post=2151"}],"curies":[{"name":"wp","href":"https:\/\/api.w.org\/{rel}","templated":true}]}}