{"id":3024,"date":"2025-03-31T07:13:31","date_gmt":"2025-03-31T07:13:31","guid":{"rendered":"https:\/\/moby2025.marketingdenmark.dk\/product\/deluxe-matratze-m-swell\/"},"modified":"2026-02-23T08:29:12","modified_gmt":"2026-02-23T07:29:12","slug":"deluxe-matratze-m-swell","status":"publish","type":"product","link":"https:\/\/moby2025.marketingdenmark.dk\/de\/produkt\/deluxe-matratze-m-swell\/","title":{"rendered":"Deluxe Matratze M (Swell)"},"content":{"rendered":"<p>Die aufblasbare Medium Deluxe-Matratze von Sea to Summit (201 x 132 cm) ist f\u00fcr alle, die noch mehr Liegekomfort ben\u00f6tigen.<\/p>\n<p>Die meisten schlafen gut auf der Originalmatratze der Swell-Zelte mit einer Unterlage darunter, aber manche Personen mit R\u00fcckenproblemen oder dem Bed\u00fcrfnis nach zus\u00e4tzlichem Liegekomfort profitieren von dieser luxuri\u00f6sen Deluxe-Matratze.<\/p>\n<p>Die Matratze enth\u00e4lt sowohl Deltakernschaum als auch horizontale Luftkan\u00e4le, damit Sie wie ein Traum schlafen. Es hat eine weiche und bequeme Oberfl\u00e4che aus Stretch-Polyester. <\/p>\n<p>Wenn Sie diese Deluxe-Matratze w\u00e4hlen, empfehlen wir, die Originalmatratze aus dem Zelt zu entfernen, eine Unterlage dazuzukaufen und diese als Basis f\u00fcr die Deluxe-Matratze zu verwenden. Dadurch wird Kondenswasser unter der Matratze vermieden und die Matratze vor Besch\u00e4digungen gesch\u00fctzt. <\/p>\n<p>Je nachdem, wie hart Sie gerne liegen, kann dies \u00fcber die Luftmenge reguliert werden, mit der Sie die Matratze aufblasen. Viele Kunden verwenden eine kleine Batteriepumpe, wenn sie eine fester aufgeblasene Matratze w\u00fcnschen. <\/p>\n<p>Bei nagelneuen Matratzen ist es wichtig, diese vor dem ersten Gebrauch mindestens 24 Stunden lang mit ge\u00f6ffneten Ventilen stehen zu lassen, da der Schaumstoff herstellungsbedingt stark komprimiert ist.<\/p>\n<p>Die Matratze passt in ein Swell M Dachzelt.<\/p>\n<p>Spezifikationen<\/p>\n<p>Material: 30D-Stretch \/ 75D-Polyester. TPU-Laminierung. <\/p>\n<p>Ma\u00dfe: 201 x 115 x 10,0 cm<\/p>\n<p>Gewicht: 3650 Gramm<\/p>\n<p>Packvolumen: \u00d830 x 60 cm<\/p>\n","protected":false},"excerpt":{"rendered":"<p>Die aufblasbare Medium Deluxe-Matratze von Sea to Summit (201 x 132 cm) ist f\u00fcr alle, die noch mehr Liegekomfort ben\u00f6tigen. Die meisten schlafen gut auf der Originalmatratze der Swell-Zelte mit einer Unterlage darunter, aber manche Personen mit R\u00fcckenproblemen oder dem Bed\u00fcrfnis nach zus\u00e4tzlichem Liegekomfort profitieren von dieser luxuri\u00f6sen Deluxe-Matratze. Die Matratze enth\u00e4lt sowohl Deltakernschaum als [&hellip;]<\/p>\n","protected":false},"featured_media":5739,"comment_status":"closed","ping_status":"closed","template":"","meta":{"_acf_changed":false},"product_brand":[],"product_cat":[127],"product_tag":[],"class_list":{"0":"post-3024","1":"product","2":"type-product","3":"status-publish","4":"has-post-thumbnail","6":"product_cat-uncategorized","8":"first","9":"instock","10":"taxable","11":"shipping-taxable","12":"purchasable","13":"product-type-simple"},"acf":[],"_links":{"self":[{"href":"https:\/\/moby2025.marketingdenmark.dk\/de\/wp-json\/wp\/v2\/product\/3024","targetHints":{"allow":["GET"]}}],"collection":[{"href":"https:\/\/moby2025.marketingdenmark.dk\/de\/wp-json\/wp\/v2\/product"}],"about":[{"href":"https:\/\/moby2025.marketingdenmark.dk\/de\/wp-json\/wp\/v2\/types\/product"}],"replies":[{"embeddable":true,"href":"https:\/\/moby2025.marketingdenmark.dk\/de\/wp-json\/wp\/v2\/comments?post=3024"}],"wp:featuredmedia":[{"embeddable":true,"href":"https:\/\/moby2025.marketingdenmark.dk\/de\/wp-json\/wp\/v2\/media\/5739"}],"wp:attachment":[{"href":"https:\/\/moby2025.marketingdenmark.dk\/de\/wp-json\/wp\/v2\/media?parent=3024"}],"wp:term":[{"taxonomy":"product_brand","embeddable":true,"href":"https:\/\/moby2025.marketingdenmark.dk\/de\/wp-json\/wp\/v2\/product_brand?post=3024"},{"taxonomy":"product_cat","embeddable":true,"href":"https:\/\/moby2025.marketingdenmark.dk\/de\/wp-json\/wp\/v2\/product_cat?post=3024"},{"taxonomy":"product_tag","embeddable":true,"href":"https:\/\/moby2025.marketingdenmark.dk\/de\/wp-json\/wp\/v2\/product_tag?post=3024"}],"curies":[{"name":"wp","href":"https:\/\/api.w.org\/{rel}","templated":true}]}}