{"id":3790,"date":"2024-12-16T09:29:28","date_gmt":"2024-12-16T09:29:28","guid":{"rendered":"https:\/\/moby2025.marketingdenmark.dk\/product\/uv-universal-protector-1l\/"},"modified":"2026-02-24T07:30:27","modified_gmt":"2026-02-24T06:30:27","slug":"uv-universal-protector-1l","status":"publish","type":"product","link":"https:\/\/moby2025.marketingdenmark.dk\/de\/produkt\/uv-universal-protector-1l\/","title":{"rendered":"UV Universal Protector 1L"},"content":{"rendered":"<p>Ihr Dachzelt ist ab Werk impr\u00e4gniert, aber mit der Zeit kann es notwendig werden, das Zeltgewebe erneut zu impr\u00e4gnieren. Dies kann bei Bedarf mit diesem Impr\u00e4gniermittel durchgef\u00fchrt werden: Fabsil Universal Protector 1000ml.  <\/p>\n<p>Die Impr\u00e4gnierung wird mit einer Handspr\u00fchflasche, einem Pinsel oder einem \u00e4hnlichen Werkzeug aufgetragen. Es ist sehr wichtig, Fabsil Universal Protector in einer gleichm\u00e4\u00dfigen und einheitlichen Schicht aufzutragen, um Verf\u00e4rbungen bei Sonneneinstrahlung zu vermeiden. <\/p>\n<p>&nbsp;<\/p>\n","protected":false},"excerpt":{"rendered":"<p>Impr\u00e4gnieren Sie Ihr Dachzelt bei Bedarf mit diesem wasser- und UV-abweisenden Mittel.<\/p>\n","protected":false},"featured_media":3789,"comment_status":"closed","ping_status":"closed","template":"","meta":{"_acf_changed":false},"product_brand":[],"product_cat":[74],"product_tag":[162],"class_list":{"0":"post-3790","1":"product","2":"type-product","3":"status-publish","4":"has-post-thumbnail","6":"product_cat-zubehoer","7":"product_tag-maintenance","9":"first","10":"instock","11":"taxable","12":"shipping-taxable","13":"purchasable","14":"product-type-simple"},"acf":[],"_links":{"self":[{"href":"https:\/\/moby2025.marketingdenmark.dk\/de\/wp-json\/wp\/v2\/product\/3790","targetHints":{"allow":["GET"]}}],"collection":[{"href":"https:\/\/moby2025.marketingdenmark.dk\/de\/wp-json\/wp\/v2\/product"}],"about":[{"href":"https:\/\/moby2025.marketingdenmark.dk\/de\/wp-json\/wp\/v2\/types\/product"}],"replies":[{"embeddable":true,"href":"https:\/\/moby2025.marketingdenmark.dk\/de\/wp-json\/wp\/v2\/comments?post=3790"}],"wp:featuredmedia":[{"embeddable":true,"href":"https:\/\/moby2025.marketingdenmark.dk\/de\/wp-json\/wp\/v2\/media\/3789"}],"wp:attachment":[{"href":"https:\/\/moby2025.marketingdenmark.dk\/de\/wp-json\/wp\/v2\/media?parent=3790"}],"wp:term":[{"taxonomy":"product_brand","embeddable":true,"href":"https:\/\/moby2025.marketingdenmark.dk\/de\/wp-json\/wp\/v2\/product_brand?post=3790"},{"taxonomy":"product_cat","embeddable":true,"href":"https:\/\/moby2025.marketingdenmark.dk\/de\/wp-json\/wp\/v2\/product_cat?post=3790"},{"taxonomy":"product_tag","embeddable":true,"href":"https:\/\/moby2025.marketingdenmark.dk\/de\/wp-json\/wp\/v2\/product_tag?post=3790"}],"curies":[{"name":"wp","href":"https:\/\/api.w.org\/{rel}","templated":true}]}}