{"id":3809,"date":"2024-12-12T10:18:00","date_gmt":"2024-12-12T09:18:00","guid":{"rendered":"https:\/\/moby2025.marketingdenmark.dk\/product\/fabsil-seam-sealer\/"},"modified":"2024-12-12T10:18:00","modified_gmt":"2024-12-12T09:18:00","slug":"fabsil-seam-sealer","status":"publish","type":"product","link":"https:\/\/moby2025.marketingdenmark.dk\/de\/produkt\/fabsil-seam-sealer\/","title":{"rendered":"Fabsil Seam sealer"},"content":{"rendered":"<p>Seam sealer kann zum Abdichten und Reparieren von Textilien wie Nylon, Silikon, Segeltuch, Polyester und Gummi verwendet werden. Ideal zum Abdichten und Reparieren von N\u00e4hten. <\/p>\n<p>Stellen Sie sicher, dass die Oberfl\u00e4che sauber und trocken ist, bevor Sie sie verwenden, und lassen Sie das Textil gr\u00fcndlich trocknen, bevor Sie es<\/p>\n","protected":false},"excerpt":{"rendered":"<p>Dichtkleber f\u00fcr N\u00e4hte und N\u00e4hte in Textilien, einschlie\u00dflich Zelte, Rucks\u00e4cke, Planen usw.<\/p>\n","protected":false},"featured_media":794,"comment_status":"closed","ping_status":"open","template":"","meta":{"_acf_changed":false},"product_brand":[],"product_cat":[74],"product_tag":[162],"class_list":{"0":"post-3809","1":"product","2":"type-product","3":"status-publish","4":"has-post-thumbnail","6":"product_cat-zubehoer","7":"product_tag-maintenance","9":"first","10":"instock","11":"taxable","12":"shipping-taxable","13":"purchasable","14":"product-type-simple"},"acf":[],"_links":{"self":[{"href":"https:\/\/moby2025.marketingdenmark.dk\/de\/wp-json\/wp\/v2\/product\/3809","targetHints":{"allow":["GET"]}}],"collection":[{"href":"https:\/\/moby2025.marketingdenmark.dk\/de\/wp-json\/wp\/v2\/product"}],"about":[{"href":"https:\/\/moby2025.marketingdenmark.dk\/de\/wp-json\/wp\/v2\/types\/product"}],"replies":[{"embeddable":true,"href":"https:\/\/moby2025.marketingdenmark.dk\/de\/wp-json\/wp\/v2\/comments?post=3809"}],"wp:featuredmedia":[{"embeddable":true,"href":"https:\/\/moby2025.marketingdenmark.dk\/de\/wp-json\/wp\/v2\/media\/794"}],"wp:attachment":[{"href":"https:\/\/moby2025.marketingdenmark.dk\/de\/wp-json\/wp\/v2\/media?parent=3809"}],"wp:term":[{"taxonomy":"product_brand","embeddable":true,"href":"https:\/\/moby2025.marketingdenmark.dk\/de\/wp-json\/wp\/v2\/product_brand?post=3809"},{"taxonomy":"product_cat","embeddable":true,"href":"https:\/\/moby2025.marketingdenmark.dk\/de\/wp-json\/wp\/v2\/product_cat?post=3809"},{"taxonomy":"product_tag","embeddable":true,"href":"https:\/\/moby2025.marketingdenmark.dk\/de\/wp-json\/wp\/v2\/product_tag?post=3809"}],"curies":[{"name":"wp","href":"https:\/\/api.w.org\/{rel}","templated":true}]}}