{"id":4015,"date":"2023-09-13T10:46:00","date_gmt":"2023-09-13T08:46:00","guid":{"rendered":"https:\/\/moby2025.marketingdenmark.dk\/product\/aufbewahrungstaschen\/"},"modified":"2023-09-13T10:46:00","modified_gmt":"2023-09-13T08:46:00","slug":"aufbewahrungstaschen","status":"publish","type":"product","link":"https:\/\/moby2025.marketingdenmark.dk\/de\/produkt\/aufbewahrungstaschen\/","title":{"rendered":"Aufbewahrungstaschen"},"content":{"rendered":"<div class=\"gmail_default\">\n<div class=\"gmail_default\">Wenn Sie keinen Stauraum in der Kabine Ihres Peak-Dachzeltes haben, sind diese Aufbewahrungstaschen perfekt. Sie werden direkt am Rei\u00dfverschluss befestigt, der sich an der Decke in Ihrem Peak-Dachzelt befindet. Diese erm\u00f6glichen die Aufbewahrung vieler kleinerer Gegenst\u00e4nde.  <\/div>\n<p>&nbsp;<\/p>\n<div><\/div>\n<div class=\"gmail_default\"><\/div>\n<div class=\"gmail_default\">Die Aufbewahrungstaschen k\u00f6nnen beim Schlie\u00dfen des Dachzeltes angebracht bleiben, sollten aber vor dem Schlie\u00dfen von gr\u00f6\u00dferen Gegenst\u00e4nden entleert werden.<\/div>\n<p>&nbsp;<\/p>\n<div><\/div>\n<div class=\"gmail_default\"><\/div>\n<div class=\"gmail_default\">Wenn Sie ein fr\u00fcheres Dachzeltmodell haben, das nicht mit einem Rei\u00dfverschluss an der Decke ausgestattet ist, wenden Sie sich bitte direkt an Moby Mountain, da wir \u00fcber einen Nachr\u00fcstsatz verf\u00fcgen, der separat erworben werden kann.<\/div>\n<p>&nbsp;<\/p>\n<\/div>\n<div class=\"gmail_default\"><\/div>\n<div><\/div>\n<p>&nbsp;<\/p>\n<div class=\"gmail_default\">1XL: 0,1kg<\/div>\n<div>2XL: 0,1kg<\/div>\n","protected":false},"excerpt":{"rendered":"<p>Zus\u00e4tzlicher Stauraum<\/p>\n","protected":false},"featured_media":4009,"comment_status":"closed","ping_status":"closed","template":"","meta":{"_acf_changed":false},"product_brand":[],"product_cat":[74],"product_tag":[75],"class_list":{"0":"post-4015","1":"product","2":"type-product","3":"status-publish","4":"has-post-thumbnail","6":"product_cat-zubehoer","7":"product_tag-mobymountain","8":"product_shipping_class-small-product","9":"pa_vaelg-teltstoerrelse-xl","10":"pa_vaelg-teltstoerrelse-xxl","12":"first","13":"instock","14":"taxable","15":"shipping-taxable","16":"purchasable","17":"product-type-variable"},"acf":[],"_links":{"self":[{"href":"https:\/\/moby2025.marketingdenmark.dk\/de\/wp-json\/wp\/v2\/product\/4015","targetHints":{"allow":["GET"]}}],"collection":[{"href":"https:\/\/moby2025.marketingdenmark.dk\/de\/wp-json\/wp\/v2\/product"}],"about":[{"href":"https:\/\/moby2025.marketingdenmark.dk\/de\/wp-json\/wp\/v2\/types\/product"}],"replies":[{"embeddable":true,"href":"https:\/\/moby2025.marketingdenmark.dk\/de\/wp-json\/wp\/v2\/comments?post=4015"}],"wp:featuredmedia":[{"embeddable":true,"href":"https:\/\/moby2025.marketingdenmark.dk\/de\/wp-json\/wp\/v2\/media\/4009"}],"wp:attachment":[{"href":"https:\/\/moby2025.marketingdenmark.dk\/de\/wp-json\/wp\/v2\/media?parent=4015"}],"wp:term":[{"taxonomy":"product_brand","embeddable":true,"href":"https:\/\/moby2025.marketingdenmark.dk\/de\/wp-json\/wp\/v2\/product_brand?post=4015"},{"taxonomy":"product_cat","embeddable":true,"href":"https:\/\/moby2025.marketingdenmark.dk\/de\/wp-json\/wp\/v2\/product_cat?post=4015"},{"taxonomy":"product_tag","embeddable":true,"href":"https:\/\/moby2025.marketingdenmark.dk\/de\/wp-json\/wp\/v2\/product_tag?post=4015"}],"curies":[{"name":"wp","href":"https:\/\/api.w.org\/{rel}","templated":true}]}}