{"id":4307,"date":"2022-02-02T11:03:00","date_gmt":"2022-02-02T10:03:00","guid":{"rendered":"https:\/\/moby2025.marketingdenmark.dk\/product\/deluxe-matratze-double\/"},"modified":"2026-02-24T07:47:08","modified_gmt":"2026-02-24T06:47:08","slug":"deluxe-matratze-double","status":"publish","type":"product","link":"https:\/\/moby2025.marketingdenmark.dk\/de\/produkt\/deluxe-matratze-double\/","title":{"rendered":"Deluxe-Matratze &#8211; Double"},"content":{"rendered":"<p>Die selbstaufblasende Deluxe Double (201x132cm) von Sea to Summit ist f\u00fcr diejenigen, die noch mehr Schlafkomfort ben\u00f6tigen.<\/p>\n<p>Die meisten Menschen schlafen gut auf der Originalmatratze der Peak-Zelte mit einer Matratzenauflage darunter, aber manche Menschen mit R\u00fcckenproblemen oder die zus\u00e4tzlichen Schlafkomfort ben\u00f6tigen, k\u00f6nnen von dieser k\u00f6stlichen Deluxe-Matratze profitieren.<\/p>\n<p>Die Matratze enth\u00e4lt sowohl Deltakernschaum als auch horizontale Luftkan\u00e4le, damit Sie wie ein Traum schlafen. Es hat eine weiche und bequeme Oberfl\u00e4che aus Stretch-Polyester. <\/p>\n<p>Wenn Sie sich f\u00fcr diese Deluxe-Matratze entscheiden, empfehlen wir, die Originalmatratze aus dem Zelt zu entfernen, eine Matratzenauflage zu kaufen und diese als Unterlage f\u00fcr die Deluxe-Matratze zu verwenden. Damit kein Kondenswasser unter der Matratze entsteht und Sie diese nicht besch\u00e4digen.  Beim Transport k\u00f6nnen Sie dadurch die Luft aus der Komfortmatratze schlie\u00dfen und haben w\u00e4hrend der Fahrt sowohl die Liegefl\u00e4che als auch die Komfortmatratze flach im Zelt liegen. Denken Sie daran, die Ventile VOLLST\u00c4NDIG zu schlie\u00dfen, damit sich die Matratze w\u00e4hrend der Fahrt nicht selbst aufbl\u00e4st, da dies das Zelt besch\u00e4digen kann. <\/p>\n<p>Je nachdem, ob Sie ein etwas sanfteres oder h\u00e4rteres Aufblasen bevorzugen, k\u00f6nnen Sie entweder etwas Luft ablassen oder etwas mehr Luft in die Matratze blasen. Mehrere Kunden verwenden eine kleine Akkupumpe, wenn sie eine h\u00e4rter aufgepumpte Matratze w\u00fcnschen. <\/p>\n<p>Bei nagelneuen Matratzen ist es wichtig, diese vor dem ersten Gebrauch mindestens 24 Stunden lang mit ge\u00f6ffneten Ventilen stehen zu lassen, da der Schaumstoff herstellungsbedingt stark komprimiert ist.<\/p>\n<p>&nbsp;<\/p>\n<p>Passt die Matratze in mein Zelt?<\/p>\n<p>Peak XL Dachzelt<br \/>\n\u2013 2 x Deluxe Single, f\u00fcr 2 Erwachsene<br \/>\noder<br \/>\n\u2013 1 x Deluxe Double f\u00fcr 2 Erwachsene.<\/p>\n<p>Peak XXL Dachzelt<br \/>\n\u2013 1 x Deluxe Double f\u00fcr 2 Erwachsene.<br \/>\noder<br \/>\n\u2013 2 x Deluxe Single, f\u00fcr 2 Erwachsene.<br \/>\noder<br \/>\n1 x Deluxe Double + 1 x Deluxe Single f\u00fcr 2 Erwachsene + 2 Kinder.<\/p>\n<p>Wenn Sie 1 x Deluxe Double + 1 x Deluxe Single kaufen, f\u00fcllen diese zusammen den gesamten Boden Ihres Peak XXL-Dachzelts aus, mit etwas \u00dcberstand an der Zeltstange, die nur ein wenig nach oben gebogen werden muss.<br \/>\nAchten Sie darauf, dass die Matratze nicht auf scharfen Kanten aufliegt. Sehen Sie sich die letzten beiden Fotos von Peak XXL f\u00fcr diese Option an. <\/p>\n<p>&nbsp;<\/p>\n<p>Spezifikationen<\/p>\n<p>Material: 30D-Stretch \/ 75D-Polyester. TPU-Laminierung. <\/p>\n<p>Abmessungen: 201 x 132 x 10 cm<\/p>\n<p>Gewicht: 4225 Gramm<\/p>\n<p>Verpackungsvolumen: \u00d830 x 65cm<\/p>\n<p>&nbsp;<\/p>\n","protected":false},"excerpt":{"rendered":"<p>Bietet ultimativen Schlafkomfort<\/p>\n","protected":false},"featured_media":4308,"comment_status":"closed","ping_status":"closed","template":"","meta":{"_acf_changed":false},"product_brand":[],"product_cat":[74],"product_tag":[],"class_list":{"0":"post-4307","1":"product","2":"type-product","3":"status-publish","4":"has-post-thumbnail","6":"product_cat-zubehoer","7":"product_shipping_class-small-product","9":"first","10":"instock","11":"taxable","12":"shipping-taxable","13":"purchasable","14":"product-type-simple"},"acf":[],"_links":{"self":[{"href":"https:\/\/moby2025.marketingdenmark.dk\/de\/wp-json\/wp\/v2\/product\/4307","targetHints":{"allow":["GET"]}}],"collection":[{"href":"https:\/\/moby2025.marketingdenmark.dk\/de\/wp-json\/wp\/v2\/product"}],"about":[{"href":"https:\/\/moby2025.marketingdenmark.dk\/de\/wp-json\/wp\/v2\/types\/product"}],"replies":[{"embeddable":true,"href":"https:\/\/moby2025.marketingdenmark.dk\/de\/wp-json\/wp\/v2\/comments?post=4307"}],"wp:featuredmedia":[{"embeddable":true,"href":"https:\/\/moby2025.marketingdenmark.dk\/de\/wp-json\/wp\/v2\/media\/4308"}],"wp:attachment":[{"href":"https:\/\/moby2025.marketingdenmark.dk\/de\/wp-json\/wp\/v2\/media?parent=4307"}],"wp:term":[{"taxonomy":"product_brand","embeddable":true,"href":"https:\/\/moby2025.marketingdenmark.dk\/de\/wp-json\/wp\/v2\/product_brand?post=4307"},{"taxonomy":"product_cat","embeddable":true,"href":"https:\/\/moby2025.marketingdenmark.dk\/de\/wp-json\/wp\/v2\/product_cat?post=4307"},{"taxonomy":"product_tag","embeddable":true,"href":"https:\/\/moby2025.marketingdenmark.dk\/de\/wp-json\/wp\/v2\/product_tag?post=4307"}],"curies":[{"name":"wp","href":"https:\/\/api.w.org\/{rel}","templated":true}]}}