{"id":4441,"date":"2021-01-08T10:57:00","date_gmt":"2021-01-08T09:57:00","guid":{"rendered":"https:\/\/moby2025.marketingdenmark.dk\/product\/markise\/"},"modified":"2026-03-11T12:45:32","modified_gmt":"2026-03-11T11:45:32","slug":"markise","status":"publish","type":"product","link":"https:\/\/moby2025.marketingdenmark.dk\/de\/produkt\/markise\/","title":{"rendered":"Markise"},"content":{"rendered":"<p>Ein Markise kann Ihr Zelterlebnis noch besser machen. Sie \u00f6ffnen einfach die Markise und in wenigen Minuten haben Sie einen zus\u00e4tzlichen Bereich, in dem Sie den Schatten genie\u00dfen oder bei trockenem Wetter den Regen genie\u00dfen k\u00f6nnen.<br \/>\nUnser Markisen-Set besteht aus Markise, Teleskopstangen, Seilen und Heringen und ist in wenigen Minuten aufgebaut. Einfach die Markise auf das Dachzelt zippen und mit den Teleskopstangen ausspannen. Die Seiten der Markise bestehen aus zwei dreieckigen Segeln, die Sie f\u00fcr eine noch gr\u00f6\u00dfere Fl\u00e4che ausstrecken oder aufrollen k\u00f6nnen, damit Sie einen besseren Blick auf die sch\u00f6ne Natur haben.<br \/>\nDas Markise muss in der gleichen Gr\u00f6\u00dfe und Farbe wie Ihr Dachzelt bestellt werden, damit es zusammenpasst.   <\/p>\n","protected":false},"excerpt":{"rendered":"<ul>\n<li class=\"mobile-undersized-upper\">M\u00e5l XL &#8211; L.290 x B.520cm &#8211; 4,0kg<\/li>\n<li class=\"mobile-undersized-upper\">M\u00e5l XXL &#8211; L.290 x B.570cm &#8211; 4,4kg<\/li>\n<\/ul>\n","protected":false},"featured_media":4442,"comment_status":"closed","ping_status":"closed","template":"","meta":{"_acf_changed":false},"product_brand":[],"product_cat":[181,122,74],"product_tag":[75],"class_list":{"0":"post-4441","1":"product","2":"type-product","3":"status-publish","4":"has-post-thumbnail","6":"product_cat-alle-markiser","7":"product_cat-nyheder","8":"product_cat-zubehoer","9":"product_tag-mobymountain","10":"product_shipping_class-small-product","11":"pa_vaelg-telt-aargang-2021-2023","12":"pa_vaelg-telt-aargang-183","13":"pa_vaelg-teltfarve-huntergreen","14":"pa_vaelg-teltfarve-midnightgrey","15":"pa_vaelg-teltfarve-thunderblack","16":"pa_vaelg-teltstoerrelse-xl","17":"pa_vaelg-teltstoerrelse-xxl","19":"first","20":"instock","21":"taxable","22":"shipping-taxable","23":"purchasable","24":"product-type-variable"},"acf":[],"_links":{"self":[{"href":"https:\/\/moby2025.marketingdenmark.dk\/de\/wp-json\/wp\/v2\/product\/4441","targetHints":{"allow":["GET"]}}],"collection":[{"href":"https:\/\/moby2025.marketingdenmark.dk\/de\/wp-json\/wp\/v2\/product"}],"about":[{"href":"https:\/\/moby2025.marketingdenmark.dk\/de\/wp-json\/wp\/v2\/types\/product"}],"replies":[{"embeddable":true,"href":"https:\/\/moby2025.marketingdenmark.dk\/de\/wp-json\/wp\/v2\/comments?post=4441"}],"wp:featuredmedia":[{"embeddable":true,"href":"https:\/\/moby2025.marketingdenmark.dk\/de\/wp-json\/wp\/v2\/media\/4442"}],"wp:attachment":[{"href":"https:\/\/moby2025.marketingdenmark.dk\/de\/wp-json\/wp\/v2\/media?parent=4441"}],"wp:term":[{"taxonomy":"product_brand","embeddable":true,"href":"https:\/\/moby2025.marketingdenmark.dk\/de\/wp-json\/wp\/v2\/product_brand?post=4441"},{"taxonomy":"product_cat","embeddable":true,"href":"https:\/\/moby2025.marketingdenmark.dk\/de\/wp-json\/wp\/v2\/product_cat?post=4441"},{"taxonomy":"product_tag","embeddable":true,"href":"https:\/\/moby2025.marketingdenmark.dk\/de\/wp-json\/wp\/v2\/product_tag?post=4441"}],"curies":[{"name":"wp","href":"https:\/\/api.w.org\/{rel}","templated":true}]}}