{"id":4497,"date":"2021-06-22T13:03:00","date_gmt":"2021-06-22T11:03:00","guid":{"rendered":"https:\/\/moby2025.marketingdenmark.dk\/product\/impraegnierspray\/"},"modified":"2026-02-24T07:49:09","modified_gmt":"2026-02-24T06:49:09","slug":"impraegnierspray","status":"publish","type":"product","link":"https:\/\/moby2025.marketingdenmark.dk\/de\/produkt\/impraegnierspray\/","title":{"rendered":"Impr\u00e4gnierspray"},"content":{"rendered":"<p>Ihr Dachzelt wird von neuem impr\u00e4gniert, aber im Laufe der Zeit kann es notwendig sein, Ihren Zeltstoff neu zu impr\u00e4gnieren. Dies kann bei Bedarf mit unserem Impr\u00e4gnierspray Fabsil Universal Protector 600ml erfolgen. <\/p>\n<p>Ohne UV-Schutz.<\/p>\n","protected":false},"excerpt":{"rendered":"<p>Impr\u00e4gnieren Sie Ihr Dachzelt nach Bedarf<\/p>\n","protected":false},"featured_media":4498,"comment_status":"closed","ping_status":"closed","template":"","meta":{"_acf_changed":false},"product_brand":[],"product_cat":[74],"product_tag":[162],"class_list":{"0":"post-4497","1":"product","2":"type-product","3":"status-publish","4":"has-post-thumbnail","6":"product_cat-zubehoer","7":"product_tag-maintenance","8":"product_shipping_class-small-product","10":"first","11":"instock","12":"taxable","13":"shipping-taxable","14":"purchasable","15":"product-type-simple"},"acf":[],"_links":{"self":[{"href":"https:\/\/moby2025.marketingdenmark.dk\/de\/wp-json\/wp\/v2\/product\/4497","targetHints":{"allow":["GET"]}}],"collection":[{"href":"https:\/\/moby2025.marketingdenmark.dk\/de\/wp-json\/wp\/v2\/product"}],"about":[{"href":"https:\/\/moby2025.marketingdenmark.dk\/de\/wp-json\/wp\/v2\/types\/product"}],"replies":[{"embeddable":true,"href":"https:\/\/moby2025.marketingdenmark.dk\/de\/wp-json\/wp\/v2\/comments?post=4497"}],"wp:featuredmedia":[{"embeddable":true,"href":"https:\/\/moby2025.marketingdenmark.dk\/de\/wp-json\/wp\/v2\/media\/4498"}],"wp:attachment":[{"href":"https:\/\/moby2025.marketingdenmark.dk\/de\/wp-json\/wp\/v2\/media?parent=4497"}],"wp:term":[{"taxonomy":"product_brand","embeddable":true,"href":"https:\/\/moby2025.marketingdenmark.dk\/de\/wp-json\/wp\/v2\/product_brand?post=4497"},{"taxonomy":"product_cat","embeddable":true,"href":"https:\/\/moby2025.marketingdenmark.dk\/de\/wp-json\/wp\/v2\/product_cat?post=4497"},{"taxonomy":"product_tag","embeddable":true,"href":"https:\/\/moby2025.marketingdenmark.dk\/de\/wp-json\/wp\/v2\/product_tag?post=4497"}],"curies":[{"name":"wp","href":"https:\/\/api.w.org\/{rel}","templated":true}]}}