{"id":4599,"date":"2021-04-08T12:04:00","date_gmt":"2021-04-08T10:04:00","guid":{"rendered":"https:\/\/moby2025.marketingdenmark.dk\/product\/zeltlift\/"},"modified":"2026-02-24T07:52:22","modified_gmt":"2026-02-24T06:52:22","slug":"zeltlift","status":"publish","type":"product","link":"https:\/\/moby2025.marketingdenmark.dk\/de\/produkt\/zeltlift\/","title":{"rendered":"Zeltlift"},"content":{"rendered":"<p class=\"p1\">Mit unserem Zeltlift k\u00f6nnen Sie Ihr Dachzelt ganz einfach selbst auf- und abbauen und haben einen guten Platz, um das Dachzelt zu verstauen, wenn es nicht gebraucht wird. Der Zeltlift hebt das Zelt unter die Decke Ihres Carports oder Ihrer Garage, wo es gelagert werden kann. Es ist auch m\u00f6glich, das Zelt komplett auf den Boden abzusenken, um das Dachzelt zu reinigen oder zu trocknen. Passend f\u00fcr die meisten Dachzelttypen. Es wird empfohlen, einige Holzkl\u00f6tze zu verwenden, um Abstand zwischen dem Kabel und der Hartschale zu schaffen. (nicht im Lieferumfang enthalten)     <\/p>\n<p class=\"p1\">Max. Hebegewicht 100 kg.<br \/>\nMax. Hubh\u00f6he ca. 260 cm. <\/p>\n<p class=\"p1\"\n4,0kg<\/p>\n","protected":false},"excerpt":{"rendered":"<p>Erm\u00f6glicht die einfache Montage und Demontage Ihres Dachzeltes.<\/p>\n","protected":false},"featured_media":4600,"comment_status":"closed","ping_status":"closed","template":"","meta":{"_acf_changed":false},"product_brand":[],"product_cat":[74],"product_tag":[75],"class_list":{"0":"post-4599","1":"product","2":"type-product","3":"status-publish","4":"has-post-thumbnail","6":"product_cat-zubehoer","7":"product_tag-mobymountain","8":"product_shipping_class-small-product","10":"first","11":"instock","12":"taxable","13":"shipping-taxable","14":"purchasable","15":"product-type-variable","16":"has-default-attributes"},"acf":[],"_links":{"self":[{"href":"https:\/\/moby2025.marketingdenmark.dk\/de\/wp-json\/wp\/v2\/product\/4599","targetHints":{"allow":["GET"]}}],"collection":[{"href":"https:\/\/moby2025.marketingdenmark.dk\/de\/wp-json\/wp\/v2\/product"}],"about":[{"href":"https:\/\/moby2025.marketingdenmark.dk\/de\/wp-json\/wp\/v2\/types\/product"}],"replies":[{"embeddable":true,"href":"https:\/\/moby2025.marketingdenmark.dk\/de\/wp-json\/wp\/v2\/comments?post=4599"}],"wp:featuredmedia":[{"embeddable":true,"href":"https:\/\/moby2025.marketingdenmark.dk\/de\/wp-json\/wp\/v2\/media\/4600"}],"wp:attachment":[{"href":"https:\/\/moby2025.marketingdenmark.dk\/de\/wp-json\/wp\/v2\/media?parent=4599"}],"wp:term":[{"taxonomy":"product_brand","embeddable":true,"href":"https:\/\/moby2025.marketingdenmark.dk\/de\/wp-json\/wp\/v2\/product_brand?post=4599"},{"taxonomy":"product_cat","embeddable":true,"href":"https:\/\/moby2025.marketingdenmark.dk\/de\/wp-json\/wp\/v2\/product_cat?post=4599"},{"taxonomy":"product_tag","embeddable":true,"href":"https:\/\/moby2025.marketingdenmark.dk\/de\/wp-json\/wp\/v2\/product_tag?post=4599"}],"curies":[{"name":"wp","href":"https:\/\/api.w.org\/{rel}","templated":true}]}}