{"id":4798,"date":"2021-01-08T11:28:00","date_gmt":"2021-01-08T10:28:00","guid":{"rendered":"https:\/\/moby2025.marketingdenmark.dk\/product\/matratzenunterlage\/"},"modified":"2026-03-11T15:29:28","modified_gmt":"2026-03-11T14:29:28","slug":"matratzenunterlage","status":"publish","type":"product","link":"https:\/\/moby2025.marketingdenmark.dk\/de\/produkt\/matratzenunterlage\/","title":{"rendered":"Matratzenunterlage"},"content":{"rendered":"<p class=\"p1\">Wenn Sie das Schlaferlebnis in Ihrem Dachzelt aufwerten m\u00f6chten, ist diese Matratzenunterlage eine gute Wahl.<\/p>\n<p class=\"p1\">Die Matratzenunterlage ist 6 mm dick und sorgt f\u00fcr besseren Liegekomfort bei Ihren Original-Madras.. Au\u00dferdem besteht sie aus vielen kleinen Spulen, die sich nicht ganz flach dr\u00fccken lassen, so dass immer Luft unter der Matratze bleibt, was die Bildung von Kondenswasser verhindert. An k\u00fchlen Tcagen sorgt die Matratzenauflage zudem f\u00fcr zus\u00e4tzliche Isolierung im Zelt.  <\/p>\n<p class=\"p1\">Die Matratzenunterlage wird im Format 210 cm x 205 cm geliefert und kann auf die Gr\u00f6\u00dfe Ihres Zelts zugeschnitten werden.<br \/>\nSchneiden Sie die Kippscharniere und die Seiten des Dachzelts gut ab.<br \/>\nEs darf nicht doppelt liegen oder einfach umgeklappt werden, da sich das Zelt dann nicht schlie\u00dfen l\u00e4sst.<br \/>\nDie Matratzenunterlage kann mit kleinen Kunststoffstreifen an den kleinen Kunststoffringen am Boden des Zeltes befestigt werden, sodass sie sich beim \u00d6ffnen und Schlie\u00dfen nicht im Zelt bewegt.<\/p>\n<p>1,6 kg vor der Anpassung an Ihr Zelt<\/p>\n","protected":false},"excerpt":{"rendered":"<p>Wirkt Kondensation entgegen und bietet besseren Schlafkomfort<\/p>\n","protected":false},"featured_media":4799,"comment_status":"closed","ping_status":"closed","template":"","meta":{"_acf_changed":false},"product_brand":[],"product_cat":[74],"product_tag":[75],"class_list":{"0":"post-4798","1":"product","2":"type-product","3":"status-publish","4":"has-post-thumbnail","6":"product_cat-zubehoer","7":"product_tag-mobymountain","8":"product_shipping_class-small-product","10":"first","11":"instock","12":"taxable","13":"shipping-taxable","14":"purchasable","15":"product-type-simple"},"acf":[],"_links":{"self":[{"href":"https:\/\/moby2025.marketingdenmark.dk\/de\/wp-json\/wp\/v2\/product\/4798","targetHints":{"allow":["GET"]}}],"collection":[{"href":"https:\/\/moby2025.marketingdenmark.dk\/de\/wp-json\/wp\/v2\/product"}],"about":[{"href":"https:\/\/moby2025.marketingdenmark.dk\/de\/wp-json\/wp\/v2\/types\/product"}],"replies":[{"embeddable":true,"href":"https:\/\/moby2025.marketingdenmark.dk\/de\/wp-json\/wp\/v2\/comments?post=4798"}],"wp:featuredmedia":[{"embeddable":true,"href":"https:\/\/moby2025.marketingdenmark.dk\/de\/wp-json\/wp\/v2\/media\/4799"}],"wp:attachment":[{"href":"https:\/\/moby2025.marketingdenmark.dk\/de\/wp-json\/wp\/v2\/media?parent=4798"}],"wp:term":[{"taxonomy":"product_brand","embeddable":true,"href":"https:\/\/moby2025.marketingdenmark.dk\/de\/wp-json\/wp\/v2\/product_brand?post=4798"},{"taxonomy":"product_cat","embeddable":true,"href":"https:\/\/moby2025.marketingdenmark.dk\/de\/wp-json\/wp\/v2\/product_cat?post=4798"},{"taxonomy":"product_tag","embeddable":true,"href":"https:\/\/moby2025.marketingdenmark.dk\/de\/wp-json\/wp\/v2\/product_tag?post=4798"}],"curies":[{"name":"wp","href":"https:\/\/api.w.org\/{rel}","templated":true}]}}