{"id":2994,"date":"2025-12-18T10:11:00","date_gmt":"2025-12-18T09:11:00","guid":{"rendered":"https:\/\/moby2025.marketingdenmark.dk\/product\/gavekort\/"},"modified":"2026-02-23T07:28:31","modified_gmt":"2026-02-23T06:28:31","slug":"gavekort","status":"publish","type":"product","link":"https:\/\/moby2025.marketingdenmark.dk\/no\/produkt\/gavekort\/","title":{"rendered":"Gavekort"},"content":{"rendered":"<p>Kj\u00f8p et digitalt gavekort til Moby Mountain.<br \/>\nGavekortet kan benyttes til samtlige produkter p\u00e5 www.mobymountain.com.<\/p>\n<p>Din unike gavekortkode blir sendt til deg p\u00e5 e-post.<br \/>\nDu vil motta gavekortet innen 1\u20132 virkedager.<br \/>\nVennligst merk at gavekortet m\u00e5 innl\u00f8ses i \u00e9n transaksjon.<br \/>\nGavekortet er gyldig i 2 \u00e5r fra utstedelsesdato.<\/p>\n","protected":false},"excerpt":{"rendered":"<p>Legg til det antallet kroner i handlekurven som du \u00f8nsker at gavekortets totale verdi skal v\u00e6re.<\/p>\n","protected":false},"featured_media":2995,"comment_status":"closed","ping_status":"closed","template":"","meta":{"_acf_changed":false},"product_brand":[],"product_cat":[128],"product_tag":[],"class_list":{"0":"post-2994","1":"product","2":"type-product","3":"status-publish","4":"has-post-thumbnail","6":"product_cat-uncategorized","8":"first","9":"instock","10":"virtual","11":"taxable","12":"purchasable","13":"product-type-simple"},"acf":[],"_links":{"self":[{"href":"https:\/\/moby2025.marketingdenmark.dk\/no\/wp-json\/wp\/v2\/product\/2994","targetHints":{"allow":["GET"]}}],"collection":[{"href":"https:\/\/moby2025.marketingdenmark.dk\/no\/wp-json\/wp\/v2\/product"}],"about":[{"href":"https:\/\/moby2025.marketingdenmark.dk\/no\/wp-json\/wp\/v2\/types\/product"}],"replies":[{"embeddable":true,"href":"https:\/\/moby2025.marketingdenmark.dk\/no\/wp-json\/wp\/v2\/comments?post=2994"}],"wp:featuredmedia":[{"embeddable":true,"href":"https:\/\/moby2025.marketingdenmark.dk\/no\/wp-json\/wp\/v2\/media\/2995"}],"wp:attachment":[{"href":"https:\/\/moby2025.marketingdenmark.dk\/no\/wp-json\/wp\/v2\/media?parent=2994"}],"wp:term":[{"taxonomy":"product_brand","embeddable":true,"href":"https:\/\/moby2025.marketingdenmark.dk\/no\/wp-json\/wp\/v2\/product_brand?post=2994"},{"taxonomy":"product_cat","embeddable":true,"href":"https:\/\/moby2025.marketingdenmark.dk\/no\/wp-json\/wp\/v2\/product_cat?post=2994"},{"taxonomy":"product_tag","embeddable":true,"href":"https:\/\/moby2025.marketingdenmark.dk\/no\/wp-json\/wp\/v2\/product_tag?post=2994"}],"curies":[{"name":"wp","href":"https:\/\/api.w.org\/{rel}","templated":true}]}}