{"id":3523,"date":"2025-02-13T08:49:37","date_gmt":"2025-02-13T08:49:37","guid":{"rendered":"https:\/\/moby2025.marketingdenmark.dk\/product\/swell-load-rack\/"},"modified":"2026-02-24T07:22:46","modified_gmt":"2026-02-24T06:22:46","slug":"swell-load-rack","status":"publish","type":"product","link":"https:\/\/moby2025.marketingdenmark.dk\/no\/produkt\/swell-load-rack\/","title":{"rendered":"Swell load rack"},"content":{"rendered":"<p>Swell load rack er kompatible med <a href=\"https:\/\/mobymountain.com\/vare\/swell\/\" target=\"_blank\" rel=\"noopener\">Swell M<\/a> (Ikke kompatibelt med Peak-serien) og gj\u00f8r det mulig \u00e5 montere sykler, kajakker, takbokser, ski eller lignende p\u00e5 toppen av takteltet. V\u00e5rt Swell laststativ monteres enkelt i Swell M-teltets skinner p\u00e5 utsiden av hardtoppen. Alt du trenger for \u00e5 montere Swell laststativ f\u00f8lger med i settet, inkludert spesialbeslag, b\u00e6rende bjelker, bolter og muttere. Settet gir en h\u00f8y grad av fleksibilitet, da skinnene p\u00e5 siden av Swell M gj\u00f8r det mulig \u00e5 flytte rack-systemet frem eller tilbake p\u00e5 teltets tak.    <\/p>\n<p>Maksimal tillatt lastekapasitet: 35 kg.<\/p>\n","protected":false},"excerpt":{"rendered":"<p>Swell load rack er kompatible med Swell M (Ikke kompatibelt med Peak-serien) og gj\u00f8r det mulig \u00e5 montere sykler, kajakker, takbokser, ski eller lignende p\u00e5 toppen av takteltet. V\u00e5rt Swell laststativ monteres enkelt i Swell M-teltets skinner p\u00e5 utsiden av hardtoppen. Alt du trenger for \u00e5 montere Swell laststativ f\u00f8lger med i settet, inkludert spesialbeslag, [&hellip;]<\/p>\n","protected":false},"featured_media":5826,"comment_status":"closed","ping_status":"closed","template":"","meta":{"_acf_changed":false},"product_brand":[],"product_cat":[128,76],"product_tag":[77,155],"class_list":{"0":"post-3523","1":"product","2":"type-product","3":"status-publish","4":"has-post-thumbnail","6":"product_cat-uncategorized","7":"product_cat-tilbehoer","8":"product_tag-mobymountain","9":"product_tag-swell","11":"first","12":"instock","13":"taxable","14":"shipping-taxable","15":"purchasable","16":"product-type-simple"},"acf":[],"_links":{"self":[{"href":"https:\/\/moby2025.marketingdenmark.dk\/no\/wp-json\/wp\/v2\/product\/3523","targetHints":{"allow":["GET"]}}],"collection":[{"href":"https:\/\/moby2025.marketingdenmark.dk\/no\/wp-json\/wp\/v2\/product"}],"about":[{"href":"https:\/\/moby2025.marketingdenmark.dk\/no\/wp-json\/wp\/v2\/types\/product"}],"replies":[{"embeddable":true,"href":"https:\/\/moby2025.marketingdenmark.dk\/no\/wp-json\/wp\/v2\/comments?post=3523"}],"wp:featuredmedia":[{"embeddable":true,"href":"https:\/\/moby2025.marketingdenmark.dk\/no\/wp-json\/wp\/v2\/media\/5826"}],"wp:attachment":[{"href":"https:\/\/moby2025.marketingdenmark.dk\/no\/wp-json\/wp\/v2\/media?parent=3523"}],"wp:term":[{"taxonomy":"product_brand","embeddable":true,"href":"https:\/\/moby2025.marketingdenmark.dk\/no\/wp-json\/wp\/v2\/product_brand?post=3523"},{"taxonomy":"product_cat","embeddable":true,"href":"https:\/\/moby2025.marketingdenmark.dk\/no\/wp-json\/wp\/v2\/product_cat?post=3523"},{"taxonomy":"product_tag","embeddable":true,"href":"https:\/\/moby2025.marketingdenmark.dk\/no\/wp-json\/wp\/v2\/product_tag?post=3523"}],"curies":[{"name":"wp","href":"https:\/\/api.w.org\/{rel}","templated":true}]}}