{"id":3758,"date":"2025-02-08T12:39:22","date_gmt":"2025-02-08T12:39:22","guid":{"rendered":"https:\/\/moby2025.marketingdenmark.dk\/product\/zipper-pullers-20-stk\/"},"modified":"2026-02-24T07:29:09","modified_gmt":"2026-02-24T06:29:09","slug":"zipper-pullers-20-stk","status":"publish","type":"product","link":"https:\/\/moby2025.marketingdenmark.dk\/no\/produkt\/zipper-pullers-20-stk\/","title":{"rendered":"Zipper pullers 20 stk."},"content":{"rendered":"<p>Med v\u00e5re kule Moby Mountain zipper pullers slipper du glidel\u00e5ser som rasler i vinden og f\u00e5r et gjennomf\u00f8rt Moby Mountain-utseende p\u00e5 teltet ditt. I tillegg gir v\u00e5re zipper pullers et behagelig ergonomisk grep. <\/p>\n<p>Takket v\u00e6re det fleksible og slitesterke gummigrepet har du zipper pullers som varer hele teltets levetid.<\/p>\n<p>V\u00e5re zipper pullers kan festes i \u00f8yet p\u00e5 glidel\u00e5sens eksisterende metallgrep og fungere som en forlengelse av glidel\u00e5sens h\u00e5ndtak. Ved \u00e5 klippe av standard metallh\u00e5ndtaket med en tang og montere zipper pulleren direkte p\u00e5 selve glidel\u00e5sen, f\u00e5r du en glidel\u00e5s som ikke rasler i vind. <\/p>\n<p>Settets inneholder 20 zipper pullers. <\/p>\n","protected":false},"excerpt":{"rendered":"<p>Med v\u00e5re kule Moby Mountain zipper pullers slipper du glidel\u00e5ser som rasler i vinden og f\u00e5r et gjennomf\u00f8rt Moby Mountain-utseende p\u00e5 teltet ditt. I tillegg gir v\u00e5re zipper pullers et behagelig ergonomisk grep. Takket v\u00e6re det fleksible og slitesterke gummigrepet har du zipper pullers som varer hele teltets levetid. V\u00e5re zipper pullers kan festes i [&hellip;]<\/p>\n","protected":false},"featured_media":5831,"comment_status":"closed","ping_status":"closed","template":"","meta":{"_acf_changed":false},"product_brand":[],"product_cat":[128,76],"product_tag":[77],"class_list":{"0":"post-3758","1":"product","2":"type-product","3":"status-publish","4":"has-post-thumbnail","6":"product_cat-uncategorized","7":"product_cat-tilbehoer","8":"product_tag-mobymountain","10":"first","11":"instock","12":"taxable","13":"shipping-taxable","14":"purchasable","15":"product-type-simple"},"acf":[],"_links":{"self":[{"href":"https:\/\/moby2025.marketingdenmark.dk\/no\/wp-json\/wp\/v2\/product\/3758","targetHints":{"allow":["GET"]}}],"collection":[{"href":"https:\/\/moby2025.marketingdenmark.dk\/no\/wp-json\/wp\/v2\/product"}],"about":[{"href":"https:\/\/moby2025.marketingdenmark.dk\/no\/wp-json\/wp\/v2\/types\/product"}],"replies":[{"embeddable":true,"href":"https:\/\/moby2025.marketingdenmark.dk\/no\/wp-json\/wp\/v2\/comments?post=3758"}],"wp:featuredmedia":[{"embeddable":true,"href":"https:\/\/moby2025.marketingdenmark.dk\/no\/wp-json\/wp\/v2\/media\/5831"}],"wp:attachment":[{"href":"https:\/\/moby2025.marketingdenmark.dk\/no\/wp-json\/wp\/v2\/media?parent=3758"}],"wp:term":[{"taxonomy":"product_brand","embeddable":true,"href":"https:\/\/moby2025.marketingdenmark.dk\/no\/wp-json\/wp\/v2\/product_brand?post=3758"},{"taxonomy":"product_cat","embeddable":true,"href":"https:\/\/moby2025.marketingdenmark.dk\/no\/wp-json\/wp\/v2\/product_cat?post=3758"},{"taxonomy":"product_tag","embeddable":true,"href":"https:\/\/moby2025.marketingdenmark.dk\/no\/wp-json\/wp\/v2\/product_tag?post=3758"}],"curies":[{"name":"wp","href":"https:\/\/api.w.org\/{rel}","templated":true}]}}