{"id":3884,"date":"2024-03-08T13:35:03","date_gmt":"2024-03-08T13:35:03","guid":{"rendered":"https:\/\/moby2025.marketingdenmark.dk\/product\/emaljekrus\/"},"modified":"2026-02-24T07:37:25","modified_gmt":"2026-02-24T06:37:25","slug":"emaljekrus","status":"publish","type":"product","link":"https:\/\/moby2025.marketingdenmark.dk\/no\/produkt\/emaljekrus\/","title":{"rendered":"Emaljekrus"},"content":{"rendered":"<p>Materiale: Emalje av h\u00f8y kvalitet.<br \/>\nSt\u00f8rrelse: Perfekt til en god kopp kaffe eller varm sjokolade etter en lang dag med eventyr.<br \/>\nPleie: Lett \u00e5 rengj\u00f8re og t\u00e5ler oppvaskmaskin<\/p>\n","protected":false},"excerpt":{"rendered":"<p>Perfekt for utend\u00f8rsopplevelser, enten det er en rolig campingtur eller en piknik p\u00e5 stranden.<\/p>\n","protected":false},"featured_media":2920,"comment_status":"closed","ping_status":"closed","template":"","meta":{"_acf_changed":false},"product_brand":[],"product_cat":[128,76],"product_tag":[77],"class_list":{"0":"post-3884","1":"product","2":"type-product","3":"status-publish","4":"has-post-thumbnail","6":"product_cat-uncategorized","7":"product_cat-tilbehoer","8":"product_tag-mobymountain","9":"product_shipping_class-small-product","11":"first","12":"instock","13":"taxable","14":"shipping-taxable","15":"purchasable","16":"product-type-variable"},"acf":[],"_links":{"self":[{"href":"https:\/\/moby2025.marketingdenmark.dk\/no\/wp-json\/wp\/v2\/product\/3884","targetHints":{"allow":["GET"]}}],"collection":[{"href":"https:\/\/moby2025.marketingdenmark.dk\/no\/wp-json\/wp\/v2\/product"}],"about":[{"href":"https:\/\/moby2025.marketingdenmark.dk\/no\/wp-json\/wp\/v2\/types\/product"}],"replies":[{"embeddable":true,"href":"https:\/\/moby2025.marketingdenmark.dk\/no\/wp-json\/wp\/v2\/comments?post=3884"}],"wp:featuredmedia":[{"embeddable":true,"href":"https:\/\/moby2025.marketingdenmark.dk\/no\/wp-json\/wp\/v2\/media\/2920"}],"wp:attachment":[{"href":"https:\/\/moby2025.marketingdenmark.dk\/no\/wp-json\/wp\/v2\/media?parent=3884"}],"wp:term":[{"taxonomy":"product_brand","embeddable":true,"href":"https:\/\/moby2025.marketingdenmark.dk\/no\/wp-json\/wp\/v2\/product_brand?post=3884"},{"taxonomy":"product_cat","embeddable":true,"href":"https:\/\/moby2025.marketingdenmark.dk\/no\/wp-json\/wp\/v2\/product_cat?post=3884"},{"taxonomy":"product_tag","embeddable":true,"href":"https:\/\/moby2025.marketingdenmark.dk\/no\/wp-json\/wp\/v2\/product_tag?post=3884"}],"curies":[{"name":"wp","href":"https:\/\/api.w.org\/{rel}","templated":true}]}}