{"id":4415,"date":"2022-02-02T11:03:00","date_gmt":"2022-02-02T10:03:00","guid":{"rendered":"https:\/\/moby2025.marketingdenmark.dk\/product\/deluxe-madrass-double\/"},"modified":"2026-02-24T07:47:40","modified_gmt":"2026-02-24T06:47:40","slug":"deluxe-madrass-double","status":"publish","type":"product","link":"https:\/\/moby2025.marketingdenmark.dk\/no\/produkt\/deluxe-madrass-double\/","title":{"rendered":"Deluxe madrass &#8211; Double"},"content":{"rendered":"<p>Sea to Summit selvoppbl\u00e5sende Deluxe Double madrass er for de som trenger enda mer sovekomfort.<\/p>\n<p>De fleste sover godt p\u00e5 Peak-teltenes originale madrass med en overmadrass under, men noen med d\u00e5rlig rygg eller trenger ekstra sovekomfort kan ha glede av denne deilige deluxe-madrassen.<\/p>\n<p>Madrassen inneholder b\u00e5de deltakjerneskum og horisontale luftkanaler, slik at du sover som en dr\u00f8m. Den har en myk og behagelig overflate i Stretch polyester. <\/p>\n<p>Velger du denne deluxe madrassen, anbefaler vi \u00e5 fjerne den originale madrassen fra teltet, kj\u00f8pe en overmadrass og bruke denne som base for deluxe madrassen. Dette for at det ikke skal oppst\u00e5 kondens under madrassen og at du ikke skader den.  Under transport kan du dermed stenge luften ut av deluxe-madrassen og ha b\u00e5de madrassbunnen og deluxe-madrassen liggende flatt i teltet mens du kj\u00f8rer. Husk \u00e5 lukke ventilene HELT slik at madrassen ikke begynner \u00e5 bl\u00e5se seg opp under kj\u00f8ring, da dette kan skade teltet. <\/p>\n<p>Avhengig av om du foretrekker en litt mykere eller hardere oppbl\u00e5sing, kan du enten slippe ut litt luft eller bl\u00e5se litt ekstra luft inn i madrassen. Flere kunder bruker en liten batteripumpe hvis de \u00f8nsker en hardere oppbl\u00e5st madrass. <\/p>\n<p>N\u00e5r madrassene er helt nye, er det viktig f\u00f8r f\u00f8rste gangs bruk \u00e5 la dem st\u00e5 med ventilene \u00e5pne i minst 24 timer, da skummet er sv\u00e6rt komprimert fra produksjonen.<\/p>\n<p>&nbsp;<\/p>\n<p>Passer madrassen i teltet mitt?<\/p>\n<p>Peak XL taktelt<br \/>\n\u2013 2 x Deluxe Single, til 2 voksne personer.<br \/>\neller<br \/>\n\u2013 1 x Deluxe Double, for 2 voksne.<\/p>\n<p>Peak XXL taktelt<br \/>\n\u2013 1 x Deluxe Double, for 2 voksne.<br \/>\neller<br \/>\n\u2013 2 x Deluxe Single, for 2 voksne.<br \/>\neller<br \/>\n1 x Deluxe Double + 1 x Deluxe Single, for 2 voksne + 2 barn.<\/p>\n<p>Ved kj\u00f8p av 1 x Deluxe Double + 1 x Deluxe Single vil de til sammen fylle hele bunnen av ditt Peak XXL-taktelt, med litt overskudd ved teltstangen, som bare m\u00e5 b\u00f8yes litt opp.<br \/>\nPass p\u00e5 at madrassen ikke hviler p\u00e5 skarpe kanter. Se de to siste bildene av Peak XXL for dette alternativet. <\/p>\n<p>&nbsp;<\/p>\n<p>Spesifikasjoner<\/p>\n<p>Materiale: 30D Stretch\/75D polyester. TPU laminering. <\/p>\n<p>M\u00e5l: 201 x 132 x 10cm<\/p>\n<p>Vekt: 4225 gram<\/p>\n<p>Pakkevolum: \u00d830 x 65cm<\/p>\n<p>&nbsp;<\/p>\n","protected":false},"excerpt":{"rendered":"<p>Gir ultimat sovekomfort<\/p>\n","protected":false},"featured_media":4416,"comment_status":"closed","ping_status":"closed","template":"","meta":{"_acf_changed":false},"product_brand":[],"product_cat":[76],"product_tag":[],"class_list":{"0":"post-4415","1":"product","2":"type-product","3":"status-publish","4":"has-post-thumbnail","6":"product_cat-tilbehoer","7":"product_shipping_class-small-product","9":"first","10":"instock","11":"taxable","12":"shipping-taxable","13":"purchasable","14":"product-type-simple"},"acf":[],"_links":{"self":[{"href":"https:\/\/moby2025.marketingdenmark.dk\/no\/wp-json\/wp\/v2\/product\/4415","targetHints":{"allow":["GET"]}}],"collection":[{"href":"https:\/\/moby2025.marketingdenmark.dk\/no\/wp-json\/wp\/v2\/product"}],"about":[{"href":"https:\/\/moby2025.marketingdenmark.dk\/no\/wp-json\/wp\/v2\/types\/product"}],"replies":[{"embeddable":true,"href":"https:\/\/moby2025.marketingdenmark.dk\/no\/wp-json\/wp\/v2\/comments?post=4415"}],"wp:featuredmedia":[{"embeddable":true,"href":"https:\/\/moby2025.marketingdenmark.dk\/no\/wp-json\/wp\/v2\/media\/4416"}],"wp:attachment":[{"href":"https:\/\/moby2025.marketingdenmark.dk\/no\/wp-json\/wp\/v2\/media?parent=4415"}],"wp:term":[{"taxonomy":"product_brand","embeddable":true,"href":"https:\/\/moby2025.marketingdenmark.dk\/no\/wp-json\/wp\/v2\/product_brand?post=4415"},{"taxonomy":"product_cat","embeddable":true,"href":"https:\/\/moby2025.marketingdenmark.dk\/no\/wp-json\/wp\/v2\/product_cat?post=4415"},{"taxonomy":"product_tag","embeddable":true,"href":"https:\/\/moby2025.marketingdenmark.dk\/no\/wp-json\/wp\/v2\/product_tag?post=4415"}],"curies":[{"name":"wp","href":"https:\/\/api.w.org\/{rel}","templated":true}]}}