{"id":5079,"date":"2026-02-05T14:55:48","date_gmt":"2026-02-05T13:55:48","guid":{"rendered":"https:\/\/moby2025.marketingdenmark.dk\/product\/peak-xxl-slategrey-special-edition\/"},"modified":"2026-02-24T10:36:20","modified_gmt":"2026-02-24T09:36:20","slug":"peak-xxl-slategrey-special-edition","status":"publish","type":"product","link":"https:\/\/moby2025.marketingdenmark.dk\/no\/produkt\/peak-xxl-slategrey-special-edition\/","title":{"rendered":"Peak XXL slateGrey \u2013 Special Edition"},"content":{"rendered":"<p data-start=\"0\" data-end=\"126\">Peak XXL slateGrey Special Edition leveres med et eksklusivt, matt hardshell, kombinert med skifergr\u00e5 teltduk og svart overdel.<\/p>\n<p data-start=\"128\" data-end=\"229\" data-is-last-node=\"\" data-is-only-node=\"\">Denne Special Edition deler tilbeh\u00f8r \u2013 som markise, fortelt m.m. \u2013 med v\u00e5r thunderBlack Peak 2XL.<\/p>\n<p>Peak XL er laget for spontane opplevelser &#8211; og passer for tre voksne eller to voksne og et barn.<\/p>\n<p class=\"p1\">Hardshell-boksen har en bra st\u00f8rrelse som passer til taket p\u00e5 de fleste stasjonsvogner eller SUV-er. Det smarte er at teltet brettes ut over siden av bilen, slik at du f\u00e5r et st\u00f8rre liggeomr\u00e5de enn i de fleste andre taktelter. <\/p>\n<p class=\"p1\">Teltet er designet med takvindu og vinduer i sidene, slik at du f\u00e5r god ventilasjon og godt med dagslys i teltet. Og n\u00e5r det er sengetid, da kan du nyte utsikten over stjernehimmelen fra alle kanter. <\/p>\n<p class=\"p1\">Du trenger ikke \u00e5 bekymre deg for nysgjerrige blikk eller u\u00f8nskede bes\u00f8k fra kryp og innsekter, da teltet har et tett-masket myggnett for alle \u00e5pninger, og det faste teltstoffet som skaper privatliv. Teltstoffet er laget av slitsterk poly-bomull, som passer perfekt til det nordiske klimaet. <\/p>\n<p class=\"p1\">Peak XXL leveres inkludert 40 mm madrass, som med fordel kan kombineres med v\u00e5r antikondensmadrass som kuttes til og legges under originalmadrassen. Dette hindrer kondens under madrassen og gir ekstra sovekomfort. <\/p>\n<p class=\"p1\">\u00d8nsker du mer luksus kan du oppgradere til v\u00e5re fantastiske Deluxe-madrasser. Bytter du ut den originale madrassen med v\u00e5r Deluxe-madrass, kan disse oppbevares i teltet under kj\u00f8ring etter utbl\u00e5sing. <\/p>\n<p class=\"p1\">Du kan montere en markise eller et fortelt, s\u00e5 du kan nyde de sene aftentimer uden dug og regn \u2013 eller skabe en skyggefuld oase p\u00e5 en varm sommerdag.<\/p>\n<p class=\"p1\">Vi anbefaler alltid \u00e5 bestille en Tent Tie Down, som strammer takteltet godt opp, s\u00e5 det st\u00e5r fint og strukket, og ogs\u00e5 sikrer teltet i d\u00e5rlig v\u00e6r.<\/p>\n<p class=\"p1\">Det er ogs\u00e5 mulig \u00e5 kj\u00f8pe diverse annet tilbeh\u00f8r som innvendige oppbevaringslommer, termo-intertelt og teltl\u00f8fter for enkel montering av takteltet til bilen din og tilbyr ogs\u00e5 et fint sted \u00e5 oppbevare teltet n\u00e5r det ikke er i bruk.<\/p>\n","protected":false},"excerpt":{"rendered":"<table style=\"width: 100%; grid-column-start: 1;\">\n<tbody>\n<tr>\n<td>Telt<\/td>\n<td><span style=\"vertical-align: inherit;\">L.220 x B.197 x H.115cm<\/span><\/td>\n<\/tr>\n<tr>\n<td>Hardshell<\/td>\n<td><span style=\"vertical-align: inherit;\">L.200 x B.120 x H.26cm<\/span><\/td>\n<\/tr>\n<tr>\n<td>V\u00e6gt<\/td>\n<td><span style=\"vertical-align: inherit;\">74,8kg<br \/>\n( 63,2kg ex. madras og stige )<\/span><\/td>\n<\/tr>\n<\/tbody>\n<\/table>\n<p>&nbsp;<\/p>\n","protected":false},"featured_media":5080,"comment_status":"closed","ping_status":"closed","template":"","meta":{"_acf_changed":false},"product_brand":[],"product_cat":[117,68],"product_tag":[],"class_list":{"0":"post-5079","1":"product","2":"type-product","3":"status-publish","4":"has-post-thumbnail","6":"product_cat-alle-telte","7":"product_cat-uncategorized-no","9":"first","10":"instock","11":"taxable","12":"shipping-taxable","13":"purchasable","14":"product-type-simple"},"acf":[],"_links":{"self":[{"href":"https:\/\/moby2025.marketingdenmark.dk\/no\/wp-json\/wp\/v2\/product\/5079","targetHints":{"allow":["GET"]}}],"collection":[{"href":"https:\/\/moby2025.marketingdenmark.dk\/no\/wp-json\/wp\/v2\/product"}],"about":[{"href":"https:\/\/moby2025.marketingdenmark.dk\/no\/wp-json\/wp\/v2\/types\/product"}],"replies":[{"embeddable":true,"href":"https:\/\/moby2025.marketingdenmark.dk\/no\/wp-json\/wp\/v2\/comments?post=5079"}],"wp:featuredmedia":[{"embeddable":true,"href":"https:\/\/moby2025.marketingdenmark.dk\/no\/wp-json\/wp\/v2\/media\/5080"}],"wp:attachment":[{"href":"https:\/\/moby2025.marketingdenmark.dk\/no\/wp-json\/wp\/v2\/media?parent=5079"}],"wp:term":[{"taxonomy":"product_brand","embeddable":true,"href":"https:\/\/moby2025.marketingdenmark.dk\/no\/wp-json\/wp\/v2\/product_brand?post=5079"},{"taxonomy":"product_cat","embeddable":true,"href":"https:\/\/moby2025.marketingdenmark.dk\/no\/wp-json\/wp\/v2\/product_cat?post=5079"},{"taxonomy":"product_tag","embeddable":true,"href":"https:\/\/moby2025.marketingdenmark.dk\/no\/wp-json\/wp\/v2\/product_tag?post=5079"}],"curies":[{"name":"wp","href":"https:\/\/api.w.org\/{rel}","templated":true}]}}