{"id":5085,"date":"2026-02-05T15:01:56","date_gmt":"2026-02-05T14:01:56","guid":{"rendered":"https:\/\/moby2025.marketingdenmark.dk\/product\/peak-xl-slategrey-special-edition\/"},"modified":"2026-02-24T10:28:27","modified_gmt":"2026-02-24T09:28:27","slug":"peak-xl-slategrey-special-edition","status":"publish","type":"product","link":"https:\/\/moby2025.marketingdenmark.dk\/no\/produkt\/peak-xl-slategrey-special-edition\/","title":{"rendered":"Peak XL slateGrey \u2013<br>Special Edition"},"content":{"rendered":"<p data-start=\"0\" data-end=\"126\">Peak XL slateGrey Special Edition leveres med et eksklusivt, matt hardshell, kombinert med skifergr\u00e5 teltduk og svart overdel.<\/p>\n<p data-start=\"128\" data-end=\"229\" data-is-last-node=\"\" data-is-only-node=\"\">Denne Special Edition deler tilbeh\u00f8r \u2013 som markise, fortelt m.m. \u2013 med v\u00e5r thunderBlack Peak 1XL.<\/p>\n<p class=\"p1\">Peak XL er laget for spontane opplevelser &#8211; og passer for tre voksne eller to voksne og et barn.<\/p>\n<p class=\"p1\">Hardshell-boksen er ideell st\u00f8rrelse og passer p\u00e5 taket p\u00e5 de fleste biler. Det smarte er at takteltet brettes ut over siden av bilen, slik at du f\u00e5r et st\u00f8rre liggeomr\u00e5de enn i de fleste andre taktelt.<\/p>\n<p class=\"p1\">Takteltet er designet med takvindu og vinduer i sidene, slik at du f\u00e5r god ventilasjon og et fint lys i taket. Og n\u00e5r det er sengetid, kan du nyte utsikten over stjernehimmelen fra alle kanter.<\/p>\n<p class=\"p1\">Du trenger ikke \u00e5 bekymre deg for nysgjerrige blikk eller u\u00f8nskede bes\u00f8k fra insekter og kryp, fordi takteltet har et tett myggnett for alle \u00e5pninger, og det faste teltstoffet skaper privatliv. Teltstoffet er laget av slitesterk og pustende poly-bomull, som passer perfekt til det nordiske klimaet.<\/p>\n<p class=\"p1\">Peak XL leveres inkludert 40 mm madrass, som med fordel kan kombineres med v\u00e5r antikondensmadrass som kuttes til og legges under originalmadrassen. Dette hindrer kondens under madrassen og gir ekstra sovekomfort.<\/p>\n<p class=\"p1\">\u00d8nsker du mer luksus kan du oppgradere til v\u00e5re fantastiske Deluxe-madrasser. Bytter du ut den originale madrassen med v\u00e5r Deluxe-madrass, kan disse oppbevares i teltet under kj\u00f8ring etter utbl\u00e5sing.<\/p>\n<p class=\"p1\">Du kan montere en markise eller et fortelt, s\u00e5 du kan nyde de sene aftentimer uden dug og regn \u2013 eller skabe en skyggefuld oase p\u00e5 en varm sommerdag.<\/p>\n<p class=\"p1\">Vi anbefaler alltid \u00e5 bestille en Tent Tie Down, som strammer takteltet godt opp, s\u00e5 det st\u00e5r fint og strukket, og ogs\u00e5 sikrer teltet i d\u00e5rlig v\u00e6r.<\/p>\n<p class=\"p1\">Det er ogs\u00e5 mulig \u00e5 kj\u00f8pe diverse annet tilbeh\u00f8r som innvendige oppbevaringslommer, termo-intertelt og teltl\u00f8fter for enkel montering av takteltet til bilen din og tilbyr ogs\u00e5 et fint sted \u00e5 oppbevare teltet n\u00e5r det ikke er i bruk.<\/p>\n","protected":false},"excerpt":{"rendered":"<table style=\"width: 100%; grid-column-start: 1;\">\n<tbody>\n<tr>\n<td><span style=\"vertical-align: inherit;\">Telt<\/span><\/td>\n<td><span style=\"vertical-align: inherit;\">L.220 x B.157 x H.115cm<\/span><\/td>\n<\/tr>\n<tr>\n<td><span style=\"vertical-align: inherit;\">Hardshell<\/span><\/td>\n<td><span style=\"vertical-align: inherit;\">L.160 x B.120 x H.26cm<\/span><\/td>\n<\/tr>\n<tr>\n<td><span style=\"vertical-align: inherit;\">Vekt<\/span><\/td>\n<td><span style=\"vertical-align: inherit;\">61,7kg( 51,3kg ex. madrass og stige )<\/span><\/td>\n<\/tr>\n<\/tbody>\n<\/table>\n","protected":false},"featured_media":5086,"comment_status":"closed","ping_status":"closed","template":"","meta":{"_acf_changed":false},"product_brand":[],"product_cat":[117,68],"product_tag":[],"class_list":{"0":"post-5085","1":"product","2":"type-product","3":"status-publish","4":"has-post-thumbnail","6":"product_cat-alle-telte","7":"product_cat-uncategorized-no","9":"first","10":"instock","11":"taxable","12":"shipping-taxable","13":"purchasable","14":"product-type-simple"},"acf":[],"_links":{"self":[{"href":"https:\/\/moby2025.marketingdenmark.dk\/no\/wp-json\/wp\/v2\/product\/5085","targetHints":{"allow":["GET"]}}],"collection":[{"href":"https:\/\/moby2025.marketingdenmark.dk\/no\/wp-json\/wp\/v2\/product"}],"about":[{"href":"https:\/\/moby2025.marketingdenmark.dk\/no\/wp-json\/wp\/v2\/types\/product"}],"replies":[{"embeddable":true,"href":"https:\/\/moby2025.marketingdenmark.dk\/no\/wp-json\/wp\/v2\/comments?post=5085"}],"wp:featuredmedia":[{"embeddable":true,"href":"https:\/\/moby2025.marketingdenmark.dk\/no\/wp-json\/wp\/v2\/media\/5086"}],"wp:attachment":[{"href":"https:\/\/moby2025.marketingdenmark.dk\/no\/wp-json\/wp\/v2\/media?parent=5085"}],"wp:term":[{"taxonomy":"product_brand","embeddable":true,"href":"https:\/\/moby2025.marketingdenmark.dk\/no\/wp-json\/wp\/v2\/product_brand?post=5085"},{"taxonomy":"product_cat","embeddable":true,"href":"https:\/\/moby2025.marketingdenmark.dk\/no\/wp-json\/wp\/v2\/product_cat?post=5085"},{"taxonomy":"product_tag","embeddable":true,"href":"https:\/\/moby2025.marketingdenmark.dk\/no\/wp-json\/wp\/v2\/product_tag?post=5085"}],"curies":[{"name":"wp","href":"https:\/\/api.w.org\/{rel}","templated":true}]}}