{"id":3017,"date":"2025-05-23T13:18:00","date_gmt":"2025-05-23T11:18:00","guid":{"rendered":"https:\/\/moby2025.marketingdenmark.dk\/product\/monteringsbeslag-typ-1\/"},"modified":"2026-02-23T07:42:14","modified_gmt":"2026-02-23T06:42:14","slug":"monteringsbeslag-typ-1","status":"publish","type":"product","link":"https:\/\/moby2025.marketingdenmark.dk\/sv\/produkt\/monteringsbeslag-typ-1\/","title":{"rendered":"Monteringsbeslag Typ 1"},"content":{"rendered":"<p>Monteringsbeslag f\u00f6r ditt takt\u00e4lt. Observera att ett standardmonteringskit alltid ing\u00e5r med alla Moby Mountain-t\u00e4lt; detta kan fungera som reserv eller ers\u00e4ttning vid behov.<\/p>\n<p>Satsen \u00e4r l\u00e4mplig f\u00f6r montering p\u00e5 takr\u00e4cken och andra platser d\u00e4r utrymmet \u00e4r begr\u00e4nsat. <\/p>\n<p>Satsen inkluderar:<br \/>\n4 x f\u00e4sten i rostfritt st\u00e5l<br \/>\n4 x halkskyddspads<br \/>\n8 x Bultar och muttrar i rostfritt st\u00e5l<\/p>\n","protected":false},"excerpt":{"rendered":"<p>Monteringsbeslag f\u00f6r ditt takt\u00e4lt. Observera att ett standardmonteringskit alltid ing\u00e5r med alla Moby Mountain-t\u00e4lt; detta kan fungera som reserv eller ers\u00e4ttning vid behov. Satsen \u00e4r l\u00e4mplig f\u00f6r montering p\u00e5 takr\u00e4cken och andra platser d\u00e4r utrymmet \u00e4r begr\u00e4nsat. Satsen inkluderar: 4 x f\u00e4sten i rostfritt st\u00e5l 4 x halkskyddspads 8 x Bultar och muttrar i rostfritt [&hellip;]<\/p>\n","protected":false},"featured_media":3018,"comment_status":"closed","ping_status":"closed","template":"","meta":{"_acf_changed":false},"product_brand":[],"product_cat":[69],"product_tag":[144],"class_list":{"0":"post-3017","1":"product","2":"type-product","3":"status-publish","4":"has-post-thumbnail","6":"product_cat-okategoriserad","7":"product_tag-beslag","9":"first","10":"instock","11":"taxable","12":"shipping-taxable","13":"purchasable","14":"product-type-simple"},"acf":[],"_links":{"self":[{"href":"https:\/\/moby2025.marketingdenmark.dk\/sv\/wp-json\/wp\/v2\/product\/3017","targetHints":{"allow":["GET"]}}],"collection":[{"href":"https:\/\/moby2025.marketingdenmark.dk\/sv\/wp-json\/wp\/v2\/product"}],"about":[{"href":"https:\/\/moby2025.marketingdenmark.dk\/sv\/wp-json\/wp\/v2\/types\/product"}],"replies":[{"embeddable":true,"href":"https:\/\/moby2025.marketingdenmark.dk\/sv\/wp-json\/wp\/v2\/comments?post=3017"}],"wp:featuredmedia":[{"embeddable":true,"href":"https:\/\/moby2025.marketingdenmark.dk\/sv\/wp-json\/wp\/v2\/media\/3018"}],"wp:attachment":[{"href":"https:\/\/moby2025.marketingdenmark.dk\/sv\/wp-json\/wp\/v2\/media?parent=3017"}],"wp:term":[{"taxonomy":"product_brand","embeddable":true,"href":"https:\/\/moby2025.marketingdenmark.dk\/sv\/wp-json\/wp\/v2\/product_brand?post=3017"},{"taxonomy":"product_cat","embeddable":true,"href":"https:\/\/moby2025.marketingdenmark.dk\/sv\/wp-json\/wp\/v2\/product_cat?post=3017"},{"taxonomy":"product_tag","embeddable":true,"href":"https:\/\/moby2025.marketingdenmark.dk\/sv\/wp-json\/wp\/v2\/product_tag?post=3017"}],"curies":[{"name":"wp","href":"https:\/\/api.w.org\/{rel}","templated":true}]}}