{"id":3530,"date":"2025-02-13T08:49:37","date_gmt":"2025-02-13T08:49:37","guid":{"rendered":"https:\/\/moby2025.marketingdenmark.dk\/product\/swell-load-rack\/"},"modified":"2026-02-24T07:22:50","modified_gmt":"2026-02-24T06:22:50","slug":"swell-load-rack","status":"publish","type":"product","link":"https:\/\/moby2025.marketingdenmark.dk\/sv\/produkt\/swell-load-rack\/","title":{"rendered":"Swell load rack"},"content":{"rendered":"<p>Swell load rack er kompatible med <a href=\"https:\/\/mobymountain.com\/vare\/swell\/\" target=\"_blank\" rel=\"noopener\">Swell M<\/a> (Ej kompatibelt med Peak-serien) och g\u00f6r det m\u00f6jligt att montera cyklar, kajaker, takboxar, skidor eller liknande ovanp\u00e5 takt\u00e4ltet. V\u00e5r Swell lastst\u00e4ll monteras enkelt i Swell M-t\u00e4ltets skenor p\u00e5 utsidan av hardshellen. Allt du beh\u00f6ver f\u00f6r att montera Swell lastst\u00e4ll medf\u00f6ljer i setet, inklusive specialbeslag, b\u00e4rande balkar, bultar och muttrar. Setet erbjuder en h\u00f6g grad av flexibilitet eftersom skenorna p\u00e5 sidan av Swell M g\u00f6r det m\u00f6jligt att flytta rack-systemet fram\u00e5t eller bak\u00e5t p\u00e5 t\u00e4ltets tak.    <\/p>\n<p>Maximal till\u00e5ten lastkapacitet: 35 kg.<\/p>\n","protected":false},"excerpt":{"rendered":"<p>Swell load rack er kompatible med Swell M (Ej kompatibelt med Peak-serien) och g\u00f6r det m\u00f6jligt att montera cyklar, kajaker, takboxar, skidor eller liknande ovanp\u00e5 takt\u00e4ltet. V\u00e5r Swell lastst\u00e4ll monteras enkelt i Swell M-t\u00e4ltets skenor p\u00e5 utsidan av hardshellen. Allt du beh\u00f6ver f\u00f6r att montera Swell lastst\u00e4ll medf\u00f6ljer i setet, inklusive specialbeslag, b\u00e4rande balkar, bultar [&hellip;]<\/p>\n","protected":false},"featured_media":5827,"comment_status":"closed","ping_status":"closed","template":"","meta":{"_acf_changed":false},"product_brand":[],"product_cat":[125,78],"product_tag":[79,156],"class_list":{"0":"post-3530","1":"product","2":"type-product","3":"status-publish","4":"has-post-thumbnail","6":"product_cat-uncategorized","7":"product_cat-tillbehoer","8":"product_tag-mobymountain","9":"product_tag-swell","11":"first","12":"instock","13":"taxable","14":"shipping-taxable","15":"purchasable","16":"product-type-simple"},"acf":[],"_links":{"self":[{"href":"https:\/\/moby2025.marketingdenmark.dk\/sv\/wp-json\/wp\/v2\/product\/3530","targetHints":{"allow":["GET"]}}],"collection":[{"href":"https:\/\/moby2025.marketingdenmark.dk\/sv\/wp-json\/wp\/v2\/product"}],"about":[{"href":"https:\/\/moby2025.marketingdenmark.dk\/sv\/wp-json\/wp\/v2\/types\/product"}],"replies":[{"embeddable":true,"href":"https:\/\/moby2025.marketingdenmark.dk\/sv\/wp-json\/wp\/v2\/comments?post=3530"}],"wp:featuredmedia":[{"embeddable":true,"href":"https:\/\/moby2025.marketingdenmark.dk\/sv\/wp-json\/wp\/v2\/media\/5827"}],"wp:attachment":[{"href":"https:\/\/moby2025.marketingdenmark.dk\/sv\/wp-json\/wp\/v2\/media?parent=3530"}],"wp:term":[{"taxonomy":"product_brand","embeddable":true,"href":"https:\/\/moby2025.marketingdenmark.dk\/sv\/wp-json\/wp\/v2\/product_brand?post=3530"},{"taxonomy":"product_cat","embeddable":true,"href":"https:\/\/moby2025.marketingdenmark.dk\/sv\/wp-json\/wp\/v2\/product_cat?post=3530"},{"taxonomy":"product_tag","embeddable":true,"href":"https:\/\/moby2025.marketingdenmark.dk\/sv\/wp-json\/wp\/v2\/product_tag?post=3530"}],"curies":[{"name":"wp","href":"https:\/\/api.w.org\/{rel}","templated":true}]}}