{"id":4561,"date":"2021-01-08T10:57:00","date_gmt":"2021-01-08T09:57:00","guid":{"rendered":"https:\/\/moby2025.marketingdenmark.dk\/product\/markis\/"},"modified":"2026-03-11T12:47:04","modified_gmt":"2026-03-11T11:47:04","slug":"markis","status":"publish","type":"product","link":"https:\/\/moby2025.marketingdenmark.dk\/sv\/produkt\/markis\/","title":{"rendered":"Markis"},"content":{"rendered":"<p>En markis kan g\u00f6ra ditt t\u00e4ltupplevelse \u00e4nnu b\u00e4ttre. Du \u00f6ppnar bara markisen och p\u00e5 n\u00e5gra minuter har du ett extra omr\u00e5de d\u00e4r du kan njuta av skuggan eller vara i torrt v\u00e4der f\u00f6r regnet.<br \/>\nV\u00e5rt markisupps\u00e4ttning best\u00e5r av markis, teleskopst\u00e4nger, rep och pinnar och kan st\u00e4llas in p\u00e5 n\u00e5gra minuter. Drag upp markisen p\u00e5 toppsegel och str\u00e4ck ut den med teleskopstolparna. Markisens sidor best\u00e5r av tv\u00e5 triangul\u00e4ra segel som du kan str\u00e4cka ut f\u00f6r att f\u00e5 ett \u00e4nnu st\u00f6rre omr\u00e5de eller rulla upp, s\u00e5 att du f\u00e5r en b\u00e4ttre utsikt av den vackra naturen.<br \/>\nMarkisen ska best\u00e4llas i samma storlek och f\u00e4rg som ditt takt\u00e4lt, s\u00e5 att den passar ihop.   <\/p>\n","protected":false},"excerpt":{"rendered":"<ul>\n<li class=\"mobile-undersized-upper\">M\u00e5l XL &#8211; L.290 x B.520cm &#8211; 4,0kg<\/li>\n<li class=\"mobile-undersized-upper\">M\u00e5l XXL &#8211; L.290 x B.570cm &#8211; 4,4kg<\/li>\n<\/ul>\n","protected":false},"featured_media":4562,"comment_status":"closed","ping_status":"closed","template":"","meta":{"_acf_changed":false},"product_brand":[],"product_cat":[186,114,78],"product_tag":[79],"class_list":{"0":"post-4561","1":"product","2":"type-product","3":"status-publish","4":"has-post-thumbnail","6":"product_cat-alle-markiser","7":"product_cat-nyheder","8":"product_cat-tillbehoer","9":"product_tag-mobymountain","10":"product_shipping_class-small-product","11":"pa_vaelg-telt-aargang-2021-2023","12":"pa_vaelg-telt-aargang-195","13":"pa_vaelg-teltfarve-huntergreen","14":"pa_vaelg-teltfarve-midnightgrey","15":"pa_vaelg-teltfarve-thunderblack","16":"pa_vaelg-teltstoerrelse-xl","17":"pa_vaelg-teltstoerrelse-xxl","19":"first","20":"instock","21":"taxable","22":"shipping-taxable","23":"purchasable","24":"product-type-variable"},"acf":[],"_links":{"self":[{"href":"https:\/\/moby2025.marketingdenmark.dk\/sv\/wp-json\/wp\/v2\/product\/4561","targetHints":{"allow":["GET"]}}],"collection":[{"href":"https:\/\/moby2025.marketingdenmark.dk\/sv\/wp-json\/wp\/v2\/product"}],"about":[{"href":"https:\/\/moby2025.marketingdenmark.dk\/sv\/wp-json\/wp\/v2\/types\/product"}],"replies":[{"embeddable":true,"href":"https:\/\/moby2025.marketingdenmark.dk\/sv\/wp-json\/wp\/v2\/comments?post=4561"}],"wp:featuredmedia":[{"embeddable":true,"href":"https:\/\/moby2025.marketingdenmark.dk\/sv\/wp-json\/wp\/v2\/media\/4562"}],"wp:attachment":[{"href":"https:\/\/moby2025.marketingdenmark.dk\/sv\/wp-json\/wp\/v2\/media?parent=4561"}],"wp:term":[{"taxonomy":"product_brand","embeddable":true,"href":"https:\/\/moby2025.marketingdenmark.dk\/sv\/wp-json\/wp\/v2\/product_brand?post=4561"},{"taxonomy":"product_cat","embeddable":true,"href":"https:\/\/moby2025.marketingdenmark.dk\/sv\/wp-json\/wp\/v2\/product_cat?post=4561"},{"taxonomy":"product_tag","embeddable":true,"href":"https:\/\/moby2025.marketingdenmark.dk\/sv\/wp-json\/wp\/v2\/product_tag?post=4561"}],"curies":[{"name":"wp","href":"https:\/\/api.w.org\/{rel}","templated":true}]}}